{"id":2235,"date":"2024-12-27T10:48:47","date_gmt":"2024-12-27T10:48:47","guid":{"rendered":"https:\/\/iaforge.com\/tarifs\/"},"modified":"2025-02-19T13:45:47","modified_gmt":"2025-02-19T13:45:47","slug":"tarifs","status":"publish","type":"page","link":"https:\/\/iaforge.com\/fr\/tarifs\/","title":{"rendered":"Tarifs"},"content":{"rendered":"\t\t<div data-elementor-type=\"wp-page\" data-elementor-id=\"2235\" class=\"elementor elementor-2235 elementor-134\" data-elementor-post-type=\"page\">\n\t\t\t\t<div class=\"elementor-element elementor-element-3566f23 e-flex e-con-boxed e-con e-parent\" data-id=\"3566f23\" data-element_type=\"container\" data-e-type=\"container\" data-settings=\"{&quot;background_background&quot;:&quot;video&quot;,&quot;background_video_link&quot;:&quot;\\\/wp-content\\\/uploads\\\/2025\\\/02\\\/bakcround-spacial.webm&quot;}\">\n\t\t\t\t\t<div class=\"e-con-inner\">\n\t\t<div class=\"elementor-background-video-container elementor-hidden-mobile\">\n\t\t\t\t\t\t\t<video class=\"elementor-background-video-hosted\" role=\"presentation\" autoplay muted playsinline loop><\/video>\n\t\t\t\t\t<\/div>\t\t<div class=\"elementor-element elementor-element-2b0d7bf elementor-headline--style-highlight elementor-invisible elementor-widget elementor-widget-animated-headline\" data-id=\"2b0d7bf\" data-element_type=\"widget\" data-e-type=\"widget\" data-settings=\"{&quot;marker&quot;:&quot;underline&quot;,&quot;highlighted_text&quot;:&quot;un seul&quot;,&quot;_animation&quot;:&quot;fadeInUp&quot;,&quot;headline_style&quot;:&quot;highlight&quot;,&quot;loop&quot;:&quot;yes&quot;,&quot;highlight_animation_duration&quot;:1200,&quot;highlight_iteration_delay&quot;:8000}\" data-widget_type=\"animated-headline.default\">\n\t\t\t\t<div class=\"elementor-widget-container\">\n\t\t\t\t\t\t\t<h1 class=\"elementor-headline\">\n\t\t\t\t\t<span class=\"elementor-headline-plain-text elementor-headline-text-wrapper\">Acc\u00e8s \u00e0 toute les IA,<\/span>\n\t\t\t\t<span class=\"elementor-headline-dynamic-wrapper elementor-headline-text-wrapper\">\n\t\t\t\t\t<span class=\"elementor-headline-dynamic-text elementor-headline-text-active\">un seul<\/span>\n\t\t\t\t<\/span>\n\t\t\t\t\t<span class=\"elementor-headline-plain-text elementor-headline-text-wrapper\">abonnement.<\/span>\n\t\t\t\t\t<\/h1>\n\t\t\t\t\t\t<\/div>\n\t\t\t\t<\/div>\n\t\t\t\t<div class=\"elementor-element elementor-element-1c0a603 elementor-invisible elementor-widget elementor-widget-text-editor\" data-id=\"1c0a603\" data-element_type=\"widget\" data-e-type=\"widget\" data-settings=\"{&quot;_animation&quot;:&quot;fadeIn&quot;,&quot;_animation_delay&quot;:300}\" data-widget_type=\"text-editor.default\">\n\t\t\t\t<div class=\"elementor-widget-container\">\n\t\t\t\t\t\t\t\t\t<p>Acc\u00e9dez \u00e0 la puissance de l&rsquo;intelligence artificielle sans limites, gr\u00e2ce \u00e0 notre formule unique, acc\u00e9dez \u00e0 toute l&rsquo;IA sans vous ruiner.<\/p>\n\t\t\t\t\t\t\t\t<\/div>\n\t\t\t\t<\/div>\n\t\t\t\t<div class=\"elementor-element elementor-element-fa599a6 elementor-widget elementor-widget-shortcode\" data-id=\"fa599a6\" data-element_type=\"widget\" data-e-type=\"widget\" data-widget_type=\"shortcode.default\">\n\t\t\t\t<div class=\"elementor-widget-container\">\n\t\t\t\t\t\t\t<div class=\"elementor-shortcode\">\t\t<div data-elementor-type=\"container\" data-elementor-id=\"2202\" class=\"elementor elementor-2202 elementor-2187\" data-elementor-post-type=\"elementor_library\">\n\t\t\t\t<div class=\"elementor-element elementor-element-1701a9c e-con-full e-flex e-con e-child\" data-id=\"1701a9c\" data-element_type=\"container\" data-e-type=\"container\">\n\t\t<div class=\"elementor-element elementor-element-1bf820f e-con-full animated-fast e-flex elementor-invisible e-con e-child\" data-id=\"1bf820f\" data-element_type=\"container\" data-e-type=\"container\" data-settings=\"{&quot;background_background&quot;:&quot;classic&quot;,&quot;animation&quot;:&quot;fadeInUp&quot;}\">\n\t\t\t\t<div class=\"elementor-element elementor-element-73619af elementor-widget elementor-widget-heading\" data-id=\"73619af\" data-element_type=\"widget\" data-e-type=\"widget\" data-widget_type=\"heading.default\">\n\t\t\t\t<div class=\"elementor-widget-container\">\n\t\t\t\t\t<h3 class=\"elementor-heading-title elementor-size-default\">Gratuit<\/h3>\t\t\t\t<\/div>\n\t\t\t\t<\/div>\n\t\t<div class=\"elementor-element elementor-element-f40c7d3 e-con-full e-flex e-con e-child\" data-id=\"f40c7d3\" data-element_type=\"container\" data-e-type=\"container\">\n\t\t\t\t<div class=\"elementor-element elementor-element-a2935e4 elementor-widget elementor-widget-heading\" data-id=\"a2935e4\" data-element_type=\"widget\" data-e-type=\"widget\" data-widget_type=\"heading.default\">\n\t\t\t\t<div class=\"elementor-widget-container\">\n\t\t\t\t\t<span class=\"elementor-heading-title elementor-size-default\">0\u20ac<\/span>\t\t\t\t<\/div>\n\t\t\t\t<\/div>\n\t\t\t\t<div class=\"elementor-element elementor-element-b166efc elementor-widget elementor-widget-html\" data-id=\"b166efc\" data-element_type=\"widget\" data-e-type=\"widget\" data-widget_type=\"html.default\">\n\t\t\t\t<div class=\"elementor-widget-container\">\n\t\t\t\t\t<p style=\"font-size:12px;font-weight:500;color:#ffffff80;margin:0px\">Par mois<br>Par utilisateur<\/p>\t\t\t\t<\/div>\n\t\t\t\t<\/div>\n\t\t\t\t<\/div>\n\t\t\t\t<div class=\"elementor-element elementor-element-79236cd elementor-widget elementor-widget-html\" data-id=\"79236cd\" data-element_type=\"widget\" data-e-type=\"widget\" data-widget_type=\"html.default\">\n\t\t\t\t<div class=\"elementor-widget-container\">\n\t\t\t\t\t<p style=\"font-size:14px;font-weight:500;margin:0px;color:#fff\">D\u00e9couvrez IA Forge gratuitement, avec des limitations con\u00e7ues pour les utilisateurs curieux.<\/p>\t\t\t\t<\/div>\n\t\t\t\t<\/div>\n\t\t\t\t<div class=\"elementor-element elementor-element-e459f05 elementor-widget elementor-widget-shortcode\" data-id=\"e459f05\" data-element_type=\"widget\" data-e-type=\"widget\" data-widget_type=\"shortcode.default\">\n\t\t\t\t<div class=\"elementor-widget-container\">\n\t\t\t\t\t\t\t<div class=\"elementor-shortcode\"><a href=\"\/fr\/mon-compte\/?utm=register\">\n                    <button type=\"button\" class=\"btn-space fullwidth\">\n                        <div class=\"points_wrapper\">\n                            <i class=\"point\"><\/i><i class=\"point\"><\/i><i class=\"point\"><\/i><i class=\"point\"><\/i>\n                            <i class=\"point\"><\/i><i class=\"point\"><\/i><i class=\"point\"><\/i><i class=\"point\"><\/i>\n                            <i class=\"point\"><\/i><i class=\"point\"><\/i>\n                        <\/div>\n                        <span class=\"inner\">D\u00e9marrer gratuitement &nbsp; <i class=\"fa fa-magic\"><\/i><\/span>\n                    <\/button>\n                    <\/a><\/div>\n\t\t\t\t\t\t<\/div>\n\t\t\t\t<\/div>\n\t\t\t\t<div class=\"elementor-element elementor-element-95b8fd1 elementor-widget elementor-widget-html\" data-id=\"95b8fd1\" data-element_type=\"widget\" data-e-type=\"widget\" data-widget_type=\"html.default\">\n\t\t\t\t<div class=\"elementor-widget-container\">\n\t\t\t\t\t<p style=\"font-size:12px;font-weight:500;margin:0px;color:#C9C9C9\">\r\n<i class=\"fa fa-check\" style=\"color:#9108B6\"><\/i> G\u00e9n\u00e9ration de texte de 250 mots<br>\r\n<i class=\"fa fa-check\" style=\"color:#9108B6\"><\/i> 10 images \/ mois<br>\r\n<i class=\"fa fa-check\" style=\"color:#9108B6\"><\/i> 10 audios \/ mois\r\n<br><br>\r\n<i class=\"fa fa-check\" style=\"color:#9108B6\"><\/i> *Acc\u00e8s \u00e0 des mod\u00e8les de IA gratuits\r\n<\/p>\t\t\t\t<\/div>\n\t\t\t\t<\/div>\n\t\t\t\t<div class=\"elementor-element elementor-element-f8523f0 elementor-widget elementor-widget-html\" data-id=\"f8523f0\" data-element_type=\"widget\" data-e-type=\"widget\" data-widget_type=\"html.default\">\n\t\t\t\t<div class=\"elementor-widget-container\">\n\t\t\t\t\t<p style=\"font-size:14px;font-weight:500;margin:0px;color:#fff\">Parfait pour tester les fonctionnalit\u00e9s de base avant de passer \u00e0 un plan premium<\/p>\t\t\t\t<\/div>\n\t\t\t\t<\/div>\n\t\t\t\t<\/div>\n\t\t<div class=\"elementor-element elementor-element-388af7c e-con-full animated-fast e-flex elementor-invisible e-con e-child\" data-id=\"388af7c\" data-element_type=\"container\" data-e-type=\"container\" data-settings=\"{&quot;background_background&quot;:&quot;classic&quot;,&quot;animation&quot;:&quot;fadeInUp&quot;,&quot;animation_delay&quot;:300}\">\n\t\t\t\t<div class=\"elementor-element elementor-element-a85054d elementor-widget elementor-widget-heading\" data-id=\"a85054d\" data-element_type=\"widget\" data-e-type=\"widget\" data-widget_type=\"heading.default\">\n\t\t\t\t<div class=\"elementor-widget-container\">\n\t\t\t\t\t<h3 class=\"elementor-heading-title elementor-size-default\">D\u00e9marrer<\/h3>\t\t\t\t<\/div>\n\t\t\t\t<\/div>\n\t\t<div class=\"elementor-element elementor-element-45d005a e-con-full e-flex e-con e-child\" data-id=\"45d005a\" data-element_type=\"container\" data-e-type=\"container\">\n\t\t\t\t<div class=\"elementor-element elementor-element-6f769f0 elementor-widget elementor-widget-heading\" data-id=\"6f769f0\" data-element_type=\"widget\" data-e-type=\"widget\" data-widget_type=\"heading.default\">\n\t\t\t\t<div class=\"elementor-widget-container\">\n\t\t\t\t\t<span class=\"elementor-heading-title elementor-size-default\">24\u20ac<\/span>\t\t\t\t<\/div>\n\t\t\t\t<\/div>\n\t\t\t\t<div class=\"elementor-element elementor-element-ef5e338 elementor-widget elementor-widget-html\" data-id=\"ef5e338\" data-element_type=\"widget\" data-e-type=\"widget\" data-widget_type=\"html.default\">\n\t\t\t\t<div class=\"elementor-widget-container\">\n\t\t\t\t\t<p style=\"font-size:12px;font-weight:500;color:#ffffff80;margin:0px\">Par mois<br>Par utilisateur<\/p>\t\t\t\t<\/div>\n\t\t\t\t<\/div>\n\t\t\t\t<\/div>\n\t\t\t\t<div class=\"elementor-element elementor-element-be7d067 elementor-widget elementor-widget-html\" data-id=\"be7d067\" data-element_type=\"widget\" data-e-type=\"widget\" data-widget_type=\"html.default\">\n\t\t\t\t<div class=\"elementor-widget-container\">\n\t\t\t\t\t<p style=\"font-size:14px;font-weight:500;margin:0px;color:#fff\">Profitez de quotas g\u00e9n\u00e9reux pour vos besoins personnels.<\/p>\t\t\t\t<\/div>\n\t\t\t\t<\/div>\n\t\t\t\t<div class=\"elementor-element elementor-element-e3e7f96 elementor-widget elementor-widget-html\" data-id=\"e3e7f96\" data-element_type=\"widget\" data-e-type=\"widget\" data-widget_type=\"html.default\">\n\t\t\t\t<div class=\"elementor-widget-container\">\n\t\t\t\t\t<a type=\"button\" class=\"btn-space fullwidth\" style=\"opacity:20%\">\r\n  S'abonner \u00a0 <i class=\"fa fa-magic\"><\/i>\r\n  <div id=\"container-stars\">\r\n    <div id=\"stars\"><\/div>\r\n  <\/div>\r\n\r\n  <div id=\"glow\">\r\n    <div class=\"circle\"><\/div>\r\n    <div class=\"circle\"><\/div>\r\n  <\/div>\r\n<\/a>\t\t\t\t<\/div>\n\t\t\t\t<\/div>\n\t\t\t\t<div class=\"elementor-element elementor-element-539a520 elementor-widget elementor-widget-html\" data-id=\"539a520\" data-element_type=\"widget\" data-e-type=\"widget\" data-widget_type=\"html.default\">\n\t\t\t\t<div class=\"elementor-widget-container\">\n\t\t\t\t\t<p style=\"font-size:12px;font-weight:500;margin:0px;color:#C9C9C9\">\r\n<i class=\"fa fa-check\" style=\"color:#9108B6\"><\/i> G\u00e9n\u00e9ration de texte 1000*\r\n<br>\r\n<i class=\"fa fa-check\" style=\"color:#9108B6\"><\/i> 250 images \/ mois\r\n<br>\r\n<i class=\"fa fa-check\" style=\"color:#9108B6\"><\/i> 250 audio \/ mois\r\n<br><br>\r\n<i class=\"fa fa-check\" style=\"color:#9108B6\"><\/i> *Acc\u00e8s aux mod\u00e8les AI gratuits et de base\t\t\t\t<\/div>\n\t\t\t\t<\/div>\n\t\t\t\t<div class=\"elementor-element elementor-element-1181c5e elementor-widget elementor-widget-html\" data-id=\"1181c5e\" data-element_type=\"widget\" data-e-type=\"widget\" data-widget_type=\"html.default\">\n\t\t\t\t<div class=\"elementor-widget-container\">\n\t\t\t\t\t<p style=\"font-size:14px;font-weight:500;margin:0px;color:#fff\">Id\u00e9al pour les \u00e9tudiants, les freelances et les amateurs.<\/p>\t\t\t\t<\/div>\n\t\t\t\t<\/div>\n\t\t\t\t<\/div>\n\t\t<div class=\"elementor-element elementor-element-114e546 e-con-full animated-fast e-flex elementor-invisible e-con e-child\" data-id=\"114e546\" data-element_type=\"container\" data-e-type=\"container\" data-settings=\"{&quot;background_background&quot;:&quot;gradient&quot;,&quot;animation&quot;:&quot;fadeInUp&quot;,&quot;animation_delay&quot;:500}\">\n\t\t\t\t<div class=\"elementor-element elementor-element-4f4d0c9 elementor-widget elementor-widget-heading\" data-id=\"4f4d0c9\" data-element_type=\"widget\" data-e-type=\"widget\" data-widget_type=\"heading.default\">\n\t\t\t\t<div class=\"elementor-widget-container\">\n\t\t\t\t\t<h3 class=\"elementor-heading-title elementor-size-default\">Plus&nbsp;\u2728<\/h3>\t\t\t\t<\/div>\n\t\t\t\t<\/div>\n\t\t<div class=\"elementor-element elementor-element-e3254b7 e-con-full e-flex e-con e-child\" data-id=\"e3254b7\" data-element_type=\"container\" data-e-type=\"container\">\n\t\t\t\t<div class=\"elementor-element elementor-element-29ac630 elementor-widget elementor-widget-heading\" data-id=\"29ac630\" data-element_type=\"widget\" data-e-type=\"widget\" data-widget_type=\"heading.default\">\n\t\t\t\t<div class=\"elementor-widget-container\">\n\t\t\t\t\t<span class=\"elementor-heading-title elementor-size-default\">39\u20ac<\/span>\t\t\t\t<\/div>\n\t\t\t\t<\/div>\n\t\t\t\t<div class=\"elementor-element elementor-element-be3c40e elementor-widget elementor-widget-html\" data-id=\"be3c40e\" data-element_type=\"widget\" data-e-type=\"widget\" data-widget_type=\"html.default\">\n\t\t\t\t<div class=\"elementor-widget-container\">\n\t\t\t\t\t<p style=\"font-size:12px;font-weight:500;color:#ffffff80;margin:0px\">Par mois<br>Par utilisateur<\/p>\t\t\t\t<\/div>\n\t\t\t\t<\/div>\n\t\t\t\t<\/div>\n\t\t\t\t<div class=\"elementor-element elementor-element-aaa61e7 elementor-widget elementor-widget-html\" data-id=\"aaa61e7\" data-element_type=\"widget\" data-e-type=\"widget\" data-widget_type=\"html.default\">\n\t\t\t\t<div class=\"elementor-widget-container\">\n\t\t\t\t\t<p style=\"font-size:14px;font-weight:500;margin:0px;color:#fff\">Profitez de fonctionnalit\u00e9s avanc\u00e9es et de quotas \u00e9lev\u00e9s.<\/p>\t\t\t\t<\/div>\n\t\t\t\t<\/div>\n\t\t\t\t<div class=\"elementor-element elementor-element-ef57976 elementor-widget elementor-widget-html\" data-id=\"ef57976\" data-element_type=\"widget\" data-e-type=\"widget\" data-widget_type=\"html.default\">\n\t\t\t\t<div class=\"elementor-widget-container\">\n\t\t\t\t\t<a type=\"button\" class=\"btn-space fullwidth\" style=\"opacity:20%\">\r\n  S'abonner \u00a0 <i class=\"fa fa-magic\"><\/i>\r\n  <div id=\"container-stars\">\r\n    <div id=\"stars\"><\/div>\r\n  <\/div>\r\n\r\n  <div id=\"glow\">\r\n    <div class=\"circle\"><\/div>\r\n    <div class=\"circle\"><\/div>\r\n  <\/div>\r\n<\/a>\t\t\t\t<\/div>\n\t\t\t\t<\/div>\n\t\t\t\t<div class=\"elementor-element elementor-element-35a5336 elementor-widget elementor-widget-html\" data-id=\"35a5336\" data-element_type=\"widget\" data-e-type=\"widget\" data-widget_type=\"html.default\">\n\t\t\t\t<div class=\"elementor-widget-container\">\n\t\t\t\t\t<p style=\"font-size:12px;font-weight:500;margin:0px;color:#C9C9C9\">\r\n<i class=\"fa fa-check\" style=\"color:#9108B6\"><\/i> Priorit\u00e9 aux temps de r\u00e9ponse\r\n<br>\r\n<i class=\"fa fa-check\" style=\"color:#9108B6\"><\/i> G\u00e9n\u00e9ration de texte illimit\u00e9e*\r\n\r\n<br>\r\n<i class=\"fa fa-check\" style=\"color:#9108B6\"><\/i> 1000 images \/ mois\r\n<br>\r\n<i class=\"fa fa-check\" style=\"color:#9108B6\"><\/i> 1000 audios \/ mois\r\n<br><br>\r\n<i class=\"fa fa-check\" style=\"color:#9108B6\"><\/i> *Acc\u00e8s \u00e0 tous les mod\u00e8les\t\t\t\t<\/div>\n\t\t\t\t<\/div>\n\t\t\t\t<div class=\"elementor-element elementor-element-c9dd73a elementor-widget elementor-widget-html\" data-id=\"c9dd73a\" data-element_type=\"widget\" data-e-type=\"widget\" data-widget_type=\"html.default\">\n\t\t\t\t<div class=\"elementor-widget-container\">\n\t\t\t\t\t<p style=\"font-size:14px;font-weight:500;margin:0px;color:#fff\">Con\u00e7u pour les professionnels et les petites entreprises.<\/p>\t\t\t\t<\/div>\n\t\t\t\t<\/div>\n\t\t\t\t<\/div>\n\t\t<div class=\"elementor-element elementor-element-5d00b34 e-con-full animated-fast e-flex elementor-invisible e-con e-child\" data-id=\"5d00b34\" data-element_type=\"container\" data-e-type=\"container\" data-settings=\"{&quot;background_background&quot;:&quot;classic&quot;,&quot;animation&quot;:&quot;fadeInUp&quot;,&quot;animation_delay&quot;:600}\">\n\t\t\t\t<div class=\"elementor-element elementor-element-2e66917 elementor-widget elementor-widget-heading\" data-id=\"2e66917\" data-element_type=\"widget\" data-e-type=\"widget\" data-widget_type=\"heading.default\">\n\t\t\t\t<div class=\"elementor-widget-container\">\n\t\t\t\t\t<h3 class=\"elementor-heading-title elementor-size-default\">\u00c9quipe<\/h3>\t\t\t\t<\/div>\n\t\t\t\t<\/div>\n\t\t<div class=\"elementor-element elementor-element-308f2c8 e-con-full e-flex e-con e-child\" data-id=\"308f2c8\" data-element_type=\"container\" data-e-type=\"container\">\n\t\t\t\t<div class=\"elementor-element elementor-element-a8c9d96 elementor-widget elementor-widget-heading\" data-id=\"a8c9d96\" data-element_type=\"widget\" data-e-type=\"widget\" data-widget_type=\"heading.default\">\n\t\t\t\t<div class=\"elementor-widget-container\">\n\t\t\t\t\t<span class=\"elementor-heading-title elementor-size-default\">149\u20ac<\/span>\t\t\t\t<\/div>\n\t\t\t\t<\/div>\n\t\t\t\t<div class=\"elementor-element elementor-element-d244269 elementor-widget elementor-widget-html\" data-id=\"d244269\" data-element_type=\"widget\" data-e-type=\"widget\" data-widget_type=\"html.default\">\n\t\t\t\t<div class=\"elementor-widget-container\">\n\t\t\t\t\t<p style=\"font-size:12px;font-weight:500;color:#ffffff80;margin:0px\">Par mois<br>Autorise jusqu'\u00e0 5 utilisateurs<\/p>\t\t\t\t<\/div>\n\t\t\t\t<\/div>\n\t\t\t\t<\/div>\n\t\t\t\t<div class=\"elementor-element elementor-element-5810504 elementor-widget elementor-widget-html\" data-id=\"5810504\" data-element_type=\"widget\" data-e-type=\"widget\" data-widget_type=\"html.default\">\n\t\t\t\t<div class=\"elementor-widget-container\">\n\t\t\t\t\tAcc\u00e8s illimit\u00e9 pour les \u00e9quipes collaboratives.\t\t\t\t<\/div>\n\t\t\t\t<\/div>\n\t\t\t\t<div class=\"elementor-element elementor-element-00128f1 elementor-widget elementor-widget-html\" data-id=\"00128f1\" data-element_type=\"widget\" data-e-type=\"widget\" data-widget_type=\"html.default\">\n\t\t\t\t<div class=\"elementor-widget-container\">\n\t\t\t\t\t<a type=\"button\" class=\"btn-space fullwidth\" style=\"opacity:20%\">\r\n  S'abonner \u00a0 <i class=\"fa fa-magic\"><\/i>\r\n  <div id=\"container-stars\">\r\n    <div id=\"stars\"><\/div>\r\n  <\/div>\r\n\r\n  <div id=\"glow\">\r\n    <div class=\"circle\"><\/div>\r\n    <div class=\"circle\"><\/div>\r\n  <\/div>\r\n<\/a>\t\t\t\t<\/div>\n\t\t\t\t<\/div>\n\t\t\t\t<div class=\"elementor-element elementor-element-cd19654 elementor-widget elementor-widget-html\" data-id=\"cd19654\" data-element_type=\"widget\" data-e-type=\"widget\" data-widget_type=\"html.default\">\n\t\t\t\t<div class=\"elementor-widget-container\">\n\t\t\t\t\t<p style=\"font-size:12px;font-weight:500;margin:0px;color:#C9C9C9\">\r\n<i class=\"fa fa-check\" style=\"color:#9108B6\"><\/i> Priorit\u00e9 aux temps de r\u00e9ponse\r\n<br>\r\n<i class=\"fa fa-check\" style=\"color:#9108B6\"><\/i> G\u00e9n\u00e9ration de texte illimit\u00e9e*\r\n<br>\r\n<i class=\"fa fa-check\" style=\"color:#9108B6\"><\/i> G\u00e9n\u00e9ration d'images illimit\u00e9e\r\n<br>\r\n<i class=\"fa fa-check\" style=\"color:#9108B6\"><\/i> G\u00e9n\u00e9ration audio illimit\u00e9e\r\n<br><br>\r\n<i class=\"fa fa-check\" style=\"color:#9108B6\"><\/i> *Acc\u00e8s \u00e0 tous les mod\u00e8les\r\n\r\n<\/p>\t\t\t\t<\/div>\n\t\t\t\t<\/div>\n\t\t\t\t<div class=\"elementor-element elementor-element-aac8151 elementor-widget elementor-widget-html\" data-id=\"aac8151\" data-element_type=\"widget\" data-e-type=\"widget\" data-widget_type=\"html.default\">\n\t\t\t\t<div class=\"elementor-widget-container\">\n\t\t\t\t\t<p style=\"font-size:14px;font-weight:500;margin:0px;color:#fff\">Partagez des ressources et maximisez la productivit\u00e9. Id\u00e9al pour les entreprises qui n\u00e9cessitent une totale flexibilit\u00e9.<\/p>\t\t\t\t<\/div>\n\t\t\t\t<\/div>\n\t\t\t\t<\/div>\n\t\t\t\t<\/div>\n\t\t\t\t<\/div>\n\t\t<\/div>\n\t\t\t\t\t\t<\/div>\n\t\t\t\t<\/div>\n\t\t\t\t\t<\/div>\n\t\t\t\t<\/div>\n\t\t\t\t<\/div>\n\t\t","protected":false},"excerpt":{"rendered":"<p>Acc\u00e8s \u00e0 toute les IA, un seul abonnement. Acc\u00e9dez \u00e0 la puissance de l&rsquo;intelligence artificielle sans limites, gr\u00e2ce \u00e0 notre formule unique, acc\u00e9dez \u00e0 toute l&rsquo;IA sans vous ruiner.<\/p>\n","protected":false},"author":1,"featured_media":0,"parent":0,"menu_order":0,"comment_status":"closed","ping_status":"closed","template":"","meta":{"footnotes":""},"class_list":["post-2235","page","type-page","status-publish","hentry"],"yoast_head":"<!-- This site is optimized with the Yoast SEO plugin v25.4 - https:\/\/yoast.com\/wordpress\/plugins\/seo\/ -->\n<title>Tarifs - IA Forge<\/title>\n<meta name=\"robots\" content=\"index, follow, max-snippet:-1, max-image-preview:large, max-video-preview:-1\" \/>\n<link rel=\"canonical\" href=\"https:\/\/iaforge.com\/fr\/tarifs\/\" \/>\n<meta property=\"og:locale\" content=\"fr_FR\" \/>\n<meta property=\"og:type\" content=\"article\" \/>\n<meta property=\"og:title\" content=\"Tarifs - IA Forge\" \/>\n<meta property=\"og:description\" content=\"Acc\u00e8s \u00e0 toute les IA, un seul abonnement. Acc\u00e9dez \u00e0 la puissance de l&rsquo;intelligence artificielle sans limites, gr\u00e2ce \u00e0 notre formule unique, acc\u00e9dez \u00e0 toute l&rsquo;IA sans vous ruiner.\" \/>\n<meta property=\"og:url\" content=\"https:\/\/iaforge.com\/fr\/tarifs\/\" \/>\n<meta property=\"og:site_name\" content=\"IA Forge\" \/>\n<meta property=\"article:modified_time\" content=\"2025-02-19T13:45:47+00:00\" \/>\n<meta name=\"twitter:card\" content=\"summary_large_image\" \/>\n<script type=\"application\/ld+json\" class=\"yoast-schema-graph\">{\"@context\":\"https:\/\/schema.org\",\"@graph\":[{\"@type\":\"WebPage\",\"@id\":\"https:\/\/iaforge.com\/fr\/tarifs\/\",\"url\":\"https:\/\/iaforge.com\/fr\/tarifs\/\",\"name\":\"Tarifs - IA Forge\",\"isPartOf\":{\"@id\":\"https:\/\/iaforge.com\/#website\"},\"datePublished\":\"2024-12-27T10:48:47+00:00\",\"dateModified\":\"2025-02-19T13:45:47+00:00\",\"breadcrumb\":{\"@id\":\"https:\/\/iaforge.com\/fr\/tarifs\/#breadcrumb\"},\"inLanguage\":\"fr-FR\",\"potentialAction\":[{\"@type\":\"ReadAction\",\"target\":[\"https:\/\/iaforge.com\/fr\/tarifs\/\"]}]},{\"@type\":\"BreadcrumbList\",\"@id\":\"https:\/\/iaforge.com\/fr\/tarifs\/#breadcrumb\",\"itemListElement\":[{\"@type\":\"ListItem\",\"position\":1,\"name\":\"Home\",\"item\":\"https:\/\/iaforge.com\/fr\/\"},{\"@type\":\"ListItem\",\"position\":2,\"name\":\"Tarifs\"}]},{\"@type\":\"WebSite\",\"@id\":\"https:\/\/iaforge.com\/#website\",\"url\":\"https:\/\/iaforge.com\/\",\"name\":\"IA Forge\",\"description\":\"One AI to Rule Them All\",\"publisher\":{\"@id\":\"https:\/\/iaforge.com\/#organization\"},\"potentialAction\":[{\"@type\":\"SearchAction\",\"target\":{\"@type\":\"EntryPoint\",\"urlTemplate\":\"https:\/\/iaforge.com\/?s={search_term_string}\"},\"query-input\":{\"@type\":\"PropertyValueSpecification\",\"valueRequired\":true,\"valueName\":\"search_term_string\"}}],\"inLanguage\":\"fr-FR\"},{\"@type\":\"Organization\",\"@id\":\"https:\/\/iaforge.com\/#organization\",\"name\":\"IA Forge\",\"url\":\"https:\/\/iaforge.com\/\",\"logo\":{\"@type\":\"ImageObject\",\"inLanguage\":\"fr-FR\",\"@id\":\"https:\/\/iaforge.com\/#\/schema\/logo\/image\/\",\"url\":\"https:\/\/iaforge.com\/wp-content\/uploads\/2024\/12\/icone-IAforge.png\",\"contentUrl\":\"https:\/\/iaforge.com\/wp-content\/uploads\/2024\/12\/icone-IAforge.png\",\"width\":639,\"height\":631,\"caption\":\"IA Forge\"},\"image\":{\"@id\":\"https:\/\/iaforge.com\/#\/schema\/logo\/image\/\"}}]}<\/script>\n<!-- \/ Yoast SEO plugin. -->","yoast_head_json":{"title":"Tarifs - IA Forge","robots":{"index":"index","follow":"follow","max-snippet":"max-snippet:-1","max-image-preview":"max-image-preview:large","max-video-preview":"max-video-preview:-1"},"canonical":"https:\/\/iaforge.com\/fr\/tarifs\/","og_locale":"fr_FR","og_type":"article","og_title":"Tarifs - IA Forge","og_description":"Acc\u00e8s \u00e0 toute les IA, un seul abonnement. Acc\u00e9dez \u00e0 la puissance de l&rsquo;intelligence artificielle sans limites, gr\u00e2ce \u00e0 notre formule unique, acc\u00e9dez \u00e0 toute l&rsquo;IA sans vous ruiner.","og_url":"https:\/\/iaforge.com\/fr\/tarifs\/","og_site_name":"IA Forge","article_modified_time":"2025-02-19T13:45:47+00:00","twitter_card":"summary_large_image","schema":{"@context":"https:\/\/schema.org","@graph":[{"@type":"WebPage","@id":"https:\/\/iaforge.com\/fr\/tarifs\/","url":"https:\/\/iaforge.com\/fr\/tarifs\/","name":"Tarifs - IA Forge","isPartOf":{"@id":"https:\/\/iaforge.com\/#website"},"datePublished":"2024-12-27T10:48:47+00:00","dateModified":"2025-02-19T13:45:47+00:00","breadcrumb":{"@id":"https:\/\/iaforge.com\/fr\/tarifs\/#breadcrumb"},"inLanguage":"fr-FR","potentialAction":[{"@type":"ReadAction","target":["https:\/\/iaforge.com\/fr\/tarifs\/"]}]},{"@type":"BreadcrumbList","@id":"https:\/\/iaforge.com\/fr\/tarifs\/#breadcrumb","itemListElement":[{"@type":"ListItem","position":1,"name":"Home","item":"https:\/\/iaforge.com\/fr\/"},{"@type":"ListItem","position":2,"name":"Tarifs"}]},{"@type":"WebSite","@id":"https:\/\/iaforge.com\/#website","url":"https:\/\/iaforge.com\/","name":"IA Forge","description":"One AI to Rule Them All","publisher":{"@id":"https:\/\/iaforge.com\/#organization"},"potentialAction":[{"@type":"SearchAction","target":{"@type":"EntryPoint","urlTemplate":"https:\/\/iaforge.com\/?s={search_term_string}"},"query-input":{"@type":"PropertyValueSpecification","valueRequired":true,"valueName":"search_term_string"}}],"inLanguage":"fr-FR"},{"@type":"Organization","@id":"https:\/\/iaforge.com\/#organization","name":"IA Forge","url":"https:\/\/iaforge.com\/","logo":{"@type":"ImageObject","inLanguage":"fr-FR","@id":"https:\/\/iaforge.com\/#\/schema\/logo\/image\/","url":"https:\/\/iaforge.com\/wp-content\/uploads\/2024\/12\/icone-IAforge.png","contentUrl":"https:\/\/iaforge.com\/wp-content\/uploads\/2024\/12\/icone-IAforge.png","width":639,"height":631,"caption":"IA Forge"},"image":{"@id":"https:\/\/iaforge.com\/#\/schema\/logo\/image\/"}}]}},"_links":{"self":[{"href":"https:\/\/iaforge.com\/fr\/wp-json\/wp\/v2\/pages\/2235","targetHints":{"allow":["GET"]}}],"collection":[{"href":"https:\/\/iaforge.com\/fr\/wp-json\/wp\/v2\/pages"}],"about":[{"href":"https:\/\/iaforge.com\/fr\/wp-json\/wp\/v2\/types\/page"}],"author":[{"embeddable":true,"href":"https:\/\/iaforge.com\/fr\/wp-json\/wp\/v2\/users\/1"}],"replies":[{"embeddable":true,"href":"https:\/\/iaforge.com\/fr\/wp-json\/wp\/v2\/comments?post=2235"}],"version-history":[{"count":0,"href":"https:\/\/iaforge.com\/fr\/wp-json\/wp\/v2\/pages\/2235\/revisions"}],"wp:attachment":[{"href":"https:\/\/iaforge.com\/fr\/wp-json\/wp\/v2\/media?parent=2235"}],"curies":[{"name":"wp","href":"https:\/\/api.w.org\/{rel}","templated":true}]}}