{"id":2233,"date":"2024-12-27T10:48:47","date_gmt":"2024-12-27T10:48:47","guid":{"rendered":"https:\/\/iaforge.com\/pricing\/"},"modified":"2025-02-19T13:45:14","modified_gmt":"2025-02-19T13:45:14","slug":"pricing","status":"publish","type":"page","link":"https:\/\/iaforge.com\/de\/pricing\/","title":{"rendered":"Pricing"},"content":{"rendered":"\t\t<div data-elementor-type=\"wp-page\" data-elementor-id=\"2233\" class=\"elementor elementor-2233 elementor-134\" data-elementor-post-type=\"page\">\n\t\t\t\t<div class=\"elementor-element elementor-element-3566f23 e-flex e-con-boxed e-con e-parent\" data-id=\"3566f23\" data-element_type=\"container\" data-settings=\"{&quot;background_background&quot;:&quot;video&quot;,&quot;background_video_link&quot;:&quot;\\\/wp-content\\\/uploads\\\/2025\\\/02\\\/bakcround-spacial.webm&quot;}\">\n\t\t\t\t\t<div class=\"e-con-inner\">\n\t\t<div class=\"elementor-background-video-container elementor-hidden-mobile\" aria-hidden=\"true\">\n\t\t\t\t\t\t\t<video class=\"elementor-background-video-hosted\" autoplay muted playsinline loop><\/video>\n\t\t\t\t\t<\/div>\t\t<div class=\"elementor-element elementor-element-2b0d7bf elementor-headline--style-highlight elementor-invisible elementor-widget elementor-widget-animated-headline\" data-id=\"2b0d7bf\" data-element_type=\"widget\" data-settings=\"{&quot;marker&quot;:&quot;underline&quot;,&quot;highlighted_text&quot;:&quot;Nur eins&quot;,&quot;_animation&quot;:&quot;fadeInUp&quot;,&quot;headline_style&quot;:&quot;highlight&quot;,&quot;loop&quot;:&quot;yes&quot;,&quot;highlight_animation_duration&quot;:1200,&quot;highlight_iteration_delay&quot;:8000}\" data-widget_type=\"animated-headline.default\">\n\t\t\t\t<div class=\"elementor-widget-container\">\n\t\t\t\t\t\t\t<h1 class=\"elementor-headline\">\n\t\t\t\t\t<span class=\"elementor-headline-plain-text elementor-headline-text-wrapper\">Zugang zu allen KI,<\/span>\n\t\t\t\t<span class=\"elementor-headline-dynamic-wrapper elementor-headline-text-wrapper\">\n\t\t\t\t\t<span class=\"elementor-headline-dynamic-text elementor-headline-text-active\">Nur eins<\/span>\n\t\t\t\t<\/span>\n\t\t\t\t\t<span class=\"elementor-headline-plain-text elementor-headline-text-wrapper\">Abonnement<\/span>\n\t\t\t\t\t<\/h1>\n\t\t\t\t\t\t<\/div>\n\t\t\t\t<\/div>\n\t\t\t\t<div class=\"elementor-element elementor-element-1c0a603 elementor-invisible elementor-widget elementor-widget-text-editor\" data-id=\"1c0a603\" data-element_type=\"widget\" data-settings=\"{&quot;_animation&quot;:&quot;fadeIn&quot;,&quot;_animation_delay&quot;:300}\" data-widget_type=\"text-editor.default\">\n\t\t\t\t<div class=\"elementor-widget-container\">\n\t\t\t\t\t\t\t\t\t<p>Greifen Sie mit unserer einzigartigen Formel ohne Einschr\u00e4nkungen auf die Leistungsf\u00e4higkeit der k\u00fcnstlichen Intelligenz zu, greifen Sie auf alle KI zu, ohne Ihr Budget zu sprengen.<\/p>\n\t\t\t\t\t\t\t\t<\/div>\n\t\t\t\t<\/div>\n\t\t\t\t<div class=\"elementor-element elementor-element-fa599a6 elementor-widget elementor-widget-shortcode\" data-id=\"fa599a6\" data-element_type=\"widget\" data-widget_type=\"shortcode.default\">\n\t\t\t\t<div class=\"elementor-widget-container\">\n\t\t\t\t\t\t\t<div class=\"elementor-shortcode\">\t\t<div data-elementor-type=\"container\" data-elementor-id=\"2221\" class=\"elementor elementor-2221 elementor-2187\" data-elementor-post-type=\"elementor_library\">\n\t\t\t\t<div class=\"elementor-element elementor-element-1701a9c e-con-full e-flex e-con e-child\" data-id=\"1701a9c\" data-element_type=\"container\">\n\t\t<div class=\"elementor-element elementor-element-1bf820f e-con-full animated-fast e-flex elementor-invisible e-con e-child\" data-id=\"1bf820f\" data-element_type=\"container\" data-settings=\"{&quot;background_background&quot;:&quot;classic&quot;,&quot;animation&quot;:&quot;fadeInUp&quot;}\">\n\t\t\t\t<div class=\"elementor-element elementor-element-73619af elementor-widget elementor-widget-heading\" data-id=\"73619af\" data-element_type=\"widget\" data-widget_type=\"heading.default\">\n\t\t\t\t<div class=\"elementor-widget-container\">\n\t\t\t\t\t<h3 class=\"elementor-heading-title elementor-size-default\">Kostenlos<\/h3>\t\t\t\t<\/div>\n\t\t\t\t<\/div>\n\t\t<div class=\"elementor-element elementor-element-f40c7d3 e-con-full e-flex e-con e-child\" data-id=\"f40c7d3\" data-element_type=\"container\">\n\t\t\t\t<div class=\"elementor-element elementor-element-a2935e4 elementor-widget elementor-widget-heading\" data-id=\"a2935e4\" data-element_type=\"widget\" data-widget_type=\"heading.default\">\n\t\t\t\t<div class=\"elementor-widget-container\">\n\t\t\t\t\t<span class=\"elementor-heading-title elementor-size-default\">0\u20ac<\/span>\t\t\t\t<\/div>\n\t\t\t\t<\/div>\n\t\t\t\t<div class=\"elementor-element elementor-element-b166efc elementor-widget elementor-widget-html\" data-id=\"b166efc\" data-element_type=\"widget\" data-widget_type=\"html.default\">\n\t\t\t\t<div class=\"elementor-widget-container\">\n\t\t\t\t\t<p style=\"font-size:12px;font-weight:500;color:#ffffff80;margin:0px\">pro Monat<br>pro Benutzer\r\n<\/p>\t\t\t\t<\/div>\n\t\t\t\t<\/div>\n\t\t\t\t<\/div>\n\t\t\t\t<div class=\"elementor-element elementor-element-79236cd elementor-widget elementor-widget-html\" data-id=\"79236cd\" data-element_type=\"widget\" data-widget_type=\"html.default\">\n\t\t\t\t<div class=\"elementor-widget-container\">\n\t\t\t\t\t<p style=\"font-size:14px;font-weight:500;margin:0px;color:#fff\">Entdecken Sie IA Forge kostenlos, mit Einschr\u00e4nkungen f\u00fcr neugierige Benutzer.<\/p>\t\t\t\t<\/div>\n\t\t\t\t<\/div>\n\t\t\t\t<div class=\"elementor-element elementor-element-e459f05 elementor-widget elementor-widget-shortcode\" data-id=\"e459f05\" data-element_type=\"widget\" data-widget_type=\"shortcode.default\">\n\t\t\t\t<div class=\"elementor-widget-container\">\n\t\t\t\t\t\t\t<div class=\"elementor-shortcode\"><a href=\"\/de\/account\/?utm=register\">\n                    <button type=\"button\" class=\"btn-space fullwidth\">\n                        <div class=\"points_wrapper\">\n                            <i class=\"point\"><\/i><i class=\"point\"><\/i><i class=\"point\"><\/i><i class=\"point\"><\/i>\n                            <i class=\"point\"><\/i><i class=\"point\"><\/i><i class=\"point\"><\/i><i class=\"point\"><\/i>\n                            <i class=\"point\"><\/i><i class=\"point\"><\/i>\n                        <\/div>\n                        <span class=\"inner\">Jetzt kostenlos starten &nbsp; <i class=\"fa fa-magic\"><\/i><\/span>\n                    <\/button>\n                    <\/a><\/div>\n\t\t\t\t\t\t<\/div>\n\t\t\t\t<\/div>\n\t\t\t\t<div class=\"elementor-element elementor-element-95b8fd1 elementor-widget elementor-widget-html\" data-id=\"95b8fd1\" data-element_type=\"widget\" data-widget_type=\"html.default\">\n\t\t\t\t<div class=\"elementor-widget-container\">\n\t\t\t\t\t<p style=\"font-size:12px;font-weight:500;margin:0px;color:#C9C9C9\">\r\n<i class=\"fa fa-check\" style=\"color:#9108B6\"><\/i> 250 Textgenerierungen*<br>\r\n<i class=\"fa fa-check\" style=\"color:#9108B6\"><\/i> 10 Bilder \/Monat<br>\r\n<i class=\"fa fa-check\" style=\"color:#9108B6\"><\/i> 10 Audio \/Monat\r\n<br><br>\r\n<i class=\"fa fa-check\" style=\"color:#9108B6\"><\/i> *Zugang zu kostenlosen KI-Modellen\r\n\r\n\r\n<\/p>\t\t\t\t<\/div>\n\t\t\t\t<\/div>\n\t\t\t\t<div class=\"elementor-element elementor-element-f8523f0 elementor-widget elementor-widget-html\" data-id=\"f8523f0\" data-element_type=\"widget\" data-widget_type=\"html.default\">\n\t\t\t\t<div class=\"elementor-widget-container\">\n\t\t\t\t\t<p style=\"font-size:14px;font-weight:500;margin:0px;color:#fff\">Ideal, um Kernfunktionen zu testen, bevor Sie auf einen Premium-Plan upgraden\r\n\r\n<\/p>\t\t\t\t<\/div>\n\t\t\t\t<\/div>\n\t\t\t\t<\/div>\n\t\t<div class=\"elementor-element elementor-element-388af7c e-con-full animated-fast e-flex elementor-invisible e-con e-child\" data-id=\"388af7c\" data-element_type=\"container\" data-settings=\"{&quot;background_background&quot;:&quot;classic&quot;,&quot;animation&quot;:&quot;fadeInUp&quot;,&quot;animation_delay&quot;:300}\">\n\t\t\t\t<div class=\"elementor-element elementor-element-a85054d elementor-widget elementor-widget-heading\" data-id=\"a85054d\" data-element_type=\"widget\" data-widget_type=\"heading.default\">\n\t\t\t\t<div class=\"elementor-widget-container\">\n\t\t\t\t\t<h3 class=\"elementor-heading-title elementor-size-default\">Anf\u00e4nger<\/h3>\t\t\t\t<\/div>\n\t\t\t\t<\/div>\n\t\t<div class=\"elementor-element elementor-element-45d005a e-con-full e-flex e-con e-child\" data-id=\"45d005a\" data-element_type=\"container\">\n\t\t\t\t<div class=\"elementor-element elementor-element-6f769f0 elementor-widget elementor-widget-heading\" data-id=\"6f769f0\" data-element_type=\"widget\" data-widget_type=\"heading.default\">\n\t\t\t\t<div class=\"elementor-widget-container\">\n\t\t\t\t\t<span class=\"elementor-heading-title elementor-size-default\">24\u20ac<\/span>\t\t\t\t<\/div>\n\t\t\t\t<\/div>\n\t\t\t\t<div class=\"elementor-element elementor-element-ef5e338 elementor-widget elementor-widget-html\" data-id=\"ef5e338\" data-element_type=\"widget\" data-widget_type=\"html.default\">\n\t\t\t\t<div class=\"elementor-widget-container\">\n\t\t\t\t\t<p style=\"font-size:12px;font-weight:500;color:#ffffff80;margin:0px\">pro Monat<br>pro Benutzer\r\n<\/p>\t\t\t\t<\/div>\n\t\t\t\t<\/div>\n\t\t\t\t<\/div>\n\t\t\t\t<div class=\"elementor-element elementor-element-be7d067 elementor-widget elementor-widget-html\" data-id=\"be7d067\" data-element_type=\"widget\" data-widget_type=\"html.default\">\n\t\t\t\t<div class=\"elementor-widget-container\">\n\t\t\t\t\t<p style=\"font-size:14px;font-weight:500;margin:0px;color:#fff\">Profitez de quotas g\u00e9n\u00e9reux pour vos besoins personnels.<\/p>\t\t\t\t<\/div>\n\t\t\t\t<\/div>\n\t\t\t\t<div class=\"elementor-element elementor-element-e3e7f96 elementor-widget elementor-widget-html\" data-id=\"e3e7f96\" data-element_type=\"widget\" data-widget_type=\"html.default\">\n\t\t\t\t<div class=\"elementor-widget-container\">\n\t\t\t\t\t<a type=\"button\" class=\"btn-space fullwidth\" style=\"opacity:20%\">\r\n  Abonnieren \u00a0 <i class=\"fa fa-magic\"><\/i>\r\n  <div id=\"container-stars\">\r\n    <div id=\"stars\"><\/div>\r\n  <\/div>\r\n\r\n  <div id=\"glow\">\r\n    <div class=\"circle\"><\/div>\r\n    <div class=\"circle\"><\/div>\r\n  <\/div>\r\n<\/a>\t\t\t\t<\/div>\n\t\t\t\t<\/div>\n\t\t\t\t<div class=\"elementor-element elementor-element-539a520 elementor-widget elementor-widget-html\" data-id=\"539a520\" data-element_type=\"widget\" data-widget_type=\"html.default\">\n\t\t\t\t<div class=\"elementor-widget-container\">\n\t\t\t\t\t<p style=\"font-size:12px;font-weight:500;margin:0px;color:#C9C9C9\">\r\n<i class=\"fa fa-check\" style=\"color:#9108B6\"><\/i> 1000 Texterstellung*\r\n<br>\r\n<i class=\"fa fa-check\" style=\"color:#9108B6\"><\/i> 250 Bilder \/Monat<br>\r\n<i class=\"fa fa-check\" style=\"color:#9108B6\"><\/i> 250 Audio \/Monat\r\n<br><br>\r\n<i class=\"fa fa-check\" style=\"color:#9108B6\"><\/i> *Zugang zu kostenlosen und Starter-KI-Modellen\r\n<\/p>\t\t\t\t<\/div>\n\t\t\t\t<\/div>\n\t\t\t\t<div class=\"elementor-element elementor-element-1181c5e elementor-widget elementor-widget-html\" data-id=\"1181c5e\" data-element_type=\"widget\" data-widget_type=\"html.default\">\n\t\t\t\t<div class=\"elementor-widget-container\">\n\t\t\t\t\t<p style=\"font-size:14px;font-weight:500;margin:0px;color:#fff\">Ideal f\u00fcr Studenten, Freiberufler und Hobbyanwender.\r\n<\/p>\t\t\t\t<\/div>\n\t\t\t\t<\/div>\n\t\t\t\t<\/div>\n\t\t<div class=\"elementor-element elementor-element-114e546 e-con-full animated-fast e-flex elementor-invisible e-con e-child\" data-id=\"114e546\" data-element_type=\"container\" data-settings=\"{&quot;background_background&quot;:&quot;gradient&quot;,&quot;animation&quot;:&quot;fadeInUp&quot;,&quot;animation_delay&quot;:500}\">\n\t\t\t\t<div class=\"elementor-element elementor-element-4f4d0c9 elementor-widget elementor-widget-heading\" data-id=\"4f4d0c9\" data-element_type=\"widget\" data-widget_type=\"heading.default\">\n\t\t\t\t<div class=\"elementor-widget-container\">\n\t\t\t\t\t<h3 class=\"elementor-heading-title elementor-size-default\">Mehr&nbsp;\u2728<\/h3>\t\t\t\t<\/div>\n\t\t\t\t<\/div>\n\t\t<div class=\"elementor-element elementor-element-e3254b7 e-con-full e-flex e-con e-child\" data-id=\"e3254b7\" data-element_type=\"container\">\n\t\t\t\t<div class=\"elementor-element elementor-element-29ac630 elementor-widget elementor-widget-heading\" data-id=\"29ac630\" data-element_type=\"widget\" data-widget_type=\"heading.default\">\n\t\t\t\t<div class=\"elementor-widget-container\">\n\t\t\t\t\t<span class=\"elementor-heading-title elementor-size-default\">39\u20ac<\/span>\t\t\t\t<\/div>\n\t\t\t\t<\/div>\n\t\t\t\t<div class=\"elementor-element elementor-element-be3c40e elementor-widget elementor-widget-html\" data-id=\"be3c40e\" data-element_type=\"widget\" data-widget_type=\"html.default\">\n\t\t\t\t<div class=\"elementor-widget-container\">\n\t\t\t\t\t<p style=\"font-size:12px;font-weight:500;color:#ffffff80;margin:0px\">Pro Monat<br>Pro Benutzer\r\n<\/p>\t\t\t\t<\/div>\n\t\t\t\t<\/div>\n\t\t\t\t<\/div>\n\t\t\t\t<div class=\"elementor-element elementor-element-aaa61e7 elementor-widget elementor-widget-html\" data-id=\"aaa61e7\" data-element_type=\"widget\" data-widget_type=\"html.default\">\n\t\t\t\t<div class=\"elementor-widget-container\">\n\t\t\t\t\t<p style=\"font-size:14px;font-weight:500;margin:0px;color:#fff\">Profitieren Sie von erweiterten Funktionen und hohen Kontingenten.<\/p>\t\t\t\t<\/div>\n\t\t\t\t<\/div>\n\t\t\t\t<div class=\"elementor-element elementor-element-ef57976 elementor-widget elementor-widget-html\" data-id=\"ef57976\" data-element_type=\"widget\" data-widget_type=\"html.default\">\n\t\t\t\t<div class=\"elementor-widget-container\">\n\t\t\t\t\t<a type=\"button\" class=\"btn-space fullwidth\" style=\"opacity:20%\">\r\n  Abonnieren \u00a0 <i class=\"fa fa-magic\"><\/i>\r\n  <div id=\"container-stars\">\r\n    <div id=\"stars\"><\/div>\r\n  <\/div>\r\n\r\n  <div id=\"glow\">\r\n    <div class=\"circle\"><\/div>\r\n    <div class=\"circle\"><\/div>\r\n  <\/div>\r\n<\/a>\t\t\t\t<\/div>\n\t\t\t\t<\/div>\n\t\t\t\t<div class=\"elementor-element elementor-element-35a5336 elementor-widget elementor-widget-html\" data-id=\"35a5336\" data-element_type=\"widget\" data-widget_type=\"html.default\">\n\t\t\t\t<div class=\"elementor-widget-container\">\n\t\t\t\t\t<p style=\"font-size:12px;font-weight:500;margin:0px;color:#C9C9C9\">\r\n<i class=\"fa fa-check\" style=\"color:#9108B6\"><\/i> Priorit\u00e4t bei den Reaktionszeiten\r\n<br>\r\n<i class=\"fa fa-check\" style=\"color:#9108B6\"><\/i> Unbegrenzte Texterstellung*\r\n\r\n<br>\r\n<i class=\"fa fa-check\" style=\"color:#9108B6\"><\/i> 1000 Bilder \/Monat<br>\r\n<i class=\"fa fa-check\" style=\"color:#9108B6\"><\/i> 1000 Audio \/Monat\r\n<br><br>\r\n<i class=\"fa fa-check\" style=\"color:#9108B6\"><\/i> *Zugang zu allen Modellen\r\n<\/p>\t\t\t\t<\/div>\n\t\t\t\t<\/div>\n\t\t\t\t<div class=\"elementor-element elementor-element-c9dd73a elementor-widget elementor-widget-html\" data-id=\"c9dd73a\" data-element_type=\"widget\" data-widget_type=\"html.default\">\n\t\t\t\t<div class=\"elementor-widget-container\">\n\t\t\t\t\t<p style=\"font-size:14px;font-weight:500;margin:0px;color:#fff\">Entwickelt f\u00fcr Profis und kleine Unternehmen.\r\n<\/p>\t\t\t\t<\/div>\n\t\t\t\t<\/div>\n\t\t\t\t<\/div>\n\t\t<div class=\"elementor-element elementor-element-5d00b34 e-con-full animated-fast e-flex elementor-invisible e-con e-child\" data-id=\"5d00b34\" data-element_type=\"container\" data-settings=\"{&quot;background_background&quot;:&quot;classic&quot;,&quot;animation&quot;:&quot;fadeInUp&quot;,&quot;animation_delay&quot;:600}\">\n\t\t\t\t<div class=\"elementor-element elementor-element-2e66917 elementor-widget elementor-widget-heading\" data-id=\"2e66917\" data-element_type=\"widget\" data-widget_type=\"heading.default\">\n\t\t\t\t<div class=\"elementor-widget-container\">\n\t\t\t\t\t<h3 class=\"elementor-heading-title elementor-size-default\">Mannschaft<\/h3>\t\t\t\t<\/div>\n\t\t\t\t<\/div>\n\t\t<div class=\"elementor-element elementor-element-308f2c8 e-con-full e-flex e-con e-child\" data-id=\"308f2c8\" data-element_type=\"container\">\n\t\t\t\t<div class=\"elementor-element elementor-element-a8c9d96 elementor-widget elementor-widget-heading\" data-id=\"a8c9d96\" data-element_type=\"widget\" data-widget_type=\"heading.default\">\n\t\t\t\t<div class=\"elementor-widget-container\">\n\t\t\t\t\t<span class=\"elementor-heading-title elementor-size-default\">149\u20ac<\/span>\t\t\t\t<\/div>\n\t\t\t\t<\/div>\n\t\t\t\t<div class=\"elementor-element elementor-element-d244269 elementor-widget elementor-widget-html\" data-id=\"d244269\" data-element_type=\"widget\" data-widget_type=\"html.default\">\n\t\t\t\t<div class=\"elementor-widget-container\">\n\t\t\t\t\t<p style=\"font-size:12px;font-weight:500;color:#ffffff80;margin:0px\">Pro Monat<br>Bis zu 5 Benutzer zulassen\r\n<\/p>\t\t\t\t<\/div>\n\t\t\t\t<\/div>\n\t\t\t\t<\/div>\n\t\t\t\t<div class=\"elementor-element elementor-element-5810504 elementor-widget elementor-widget-html\" data-id=\"5810504\" data-element_type=\"widget\" data-widget_type=\"html.default\">\n\t\t\t\t<div class=\"elementor-widget-container\">\n\t\t\t\t\t<p style=\"font-size:14px;font-weight:500;margin:0px;color:#fff\">Unbegrenzter Zugriff f\u00fcr kollaborative Teams.<\/p>\t\t\t\t<\/div>\n\t\t\t\t<\/div>\n\t\t\t\t<div class=\"elementor-element elementor-element-00128f1 elementor-widget elementor-widget-html\" data-id=\"00128f1\" data-element_type=\"widget\" data-widget_type=\"html.default\">\n\t\t\t\t<div class=\"elementor-widget-container\">\n\t\t\t\t\t<a type=\"button\" class=\"btn-space fullwidth\" style=\"opacity:20%\">\r\n  Abonnieren \u00a0 <i class=\"fa fa-magic\"><\/i>\r\n  <div id=\"container-stars\">\r\n    <div id=\"stars\"><\/div>\r\n  <\/div>\r\n\r\n  <div id=\"glow\">\r\n    <div class=\"circle\"><\/div>\r\n    <div class=\"circle\"><\/div>\r\n  <\/div>\r\n<\/a>\t\t\t\t<\/div>\n\t\t\t\t<\/div>\n\t\t\t\t<div class=\"elementor-element elementor-element-cd19654 elementor-widget elementor-widget-html\" data-id=\"cd19654\" data-element_type=\"widget\" data-widget_type=\"html.default\">\n\t\t\t\t<div class=\"elementor-widget-container\">\n\t\t\t\t\t<p style=\"font-size:12px;font-weight:500;margin:0px;color:#C9C9C9\">\r\n<i class=\"fa fa-check\" style=\"color:#9108B6\"><\/i> Priorit\u00e4t bei den Reaktionszeiten\r\n<br>\r\n<i class=\"fa fa-check\" style=\"color:#9108B6\"><\/i> Unbegrenzte Textgenerierung*\r\n\r\n<br>\r\n<i class=\"fa fa-check\" style=\"color:#9108B6\"><\/i> Unbegrenzte Bilderzeugung\r\n<br>\r\n<i class=\"fa fa-check\" style=\"color:#9108B6\"><\/i> Unbegrenzte Audioerzeugung\r\n<br><br>\r\n<i class=\"fa fa-check\" style=\"color:#9108B6\"><\/i> *Zugang zu allen Modellen\r\n\r\n\r\n\r\n\r\n<\/p>\t\t\t\t<\/div>\n\t\t\t\t<\/div>\n\t\t\t\t<div class=\"elementor-element elementor-element-aac8151 elementor-widget elementor-widget-html\" data-id=\"aac8151\" data-element_type=\"widget\" data-widget_type=\"html.default\">\n\t\t\t\t<div class=\"elementor-widget-container\">\n\t\t\t\t\t<p style=\"font-size:14px;font-weight:500;margin:0px;color:#fff\">Teilen Sie Ressourcen und maximieren Sie die Produktivit\u00e4t. Ideal f\u00fcr Unternehmen, die totale Flexibilit\u00e4t ben\u00f6tigen.\r\n\r\n<\/p>\t\t\t\t<\/div>\n\t\t\t\t<\/div>\n\t\t\t\t<\/div>\n\t\t\t\t<\/div>\n\t\t\t\t<\/div>\n\t\t<\/div>\n\t\t\t\t\t\t<\/div>\n\t\t\t\t<\/div>\n\t\t\t\t\t<\/div>\n\t\t\t\t<\/div>\n\t\t\t\t<\/div>\n\t\t","protected":false},"excerpt":{"rendered":"<p>Zugang zu allen KI, Nur eins Abonnement Greifen Sie mit unserer einzigartigen Formel ohne Einschr\u00e4nkungen auf die Leistungsf\u00e4higkeit der k\u00fcnstlichen Intelligenz zu, greifen Sie auf alle KI zu, ohne Ihr Budget zu sprengen.<\/p>\n","protected":false},"author":1,"featured_media":0,"parent":0,"menu_order":0,"comment_status":"closed","ping_status":"closed","template":"","meta":{"footnotes":""},"class_list":["post-2233","page","type-page","status-publish","hentry"],"yoast_head":"<!-- This site is optimized with the Yoast SEO plugin v25.4 - https:\/\/yoast.com\/wordpress\/plugins\/seo\/ -->\n<title>Pricing - IA Forge<\/title>\n<meta name=\"robots\" content=\"index, follow, max-snippet:-1, max-image-preview:large, max-video-preview:-1\" \/>\n<link rel=\"canonical\" href=\"https:\/\/iaforge.com\/de\/pricing\/\" \/>\n<meta property=\"og:locale\" content=\"de_DE\" \/>\n<meta property=\"og:type\" content=\"article\" \/>\n<meta property=\"og:title\" content=\"Pricing - IA Forge\" \/>\n<meta property=\"og:description\" content=\"Zugang zu allen KI, Nur eins Abonnement Greifen Sie mit unserer einzigartigen Formel ohne Einschr\u00e4nkungen auf die Leistungsf\u00e4higkeit der k\u00fcnstlichen Intelligenz zu, greifen Sie auf alle KI zu, ohne Ihr Budget zu sprengen.\" \/>\n<meta property=\"og:url\" content=\"https:\/\/iaforge.com\/de\/pricing\/\" \/>\n<meta property=\"og:site_name\" content=\"IA Forge\" \/>\n<meta property=\"article:modified_time\" content=\"2025-02-19T13:45:14+00:00\" \/>\n<meta name=\"twitter:card\" content=\"summary_large_image\" \/>\n<script type=\"application\/ld+json\" class=\"yoast-schema-graph\">{\"@context\":\"https:\/\/schema.org\",\"@graph\":[{\"@type\":\"WebPage\",\"@id\":\"https:\/\/iaforge.com\/de\/pricing\/\",\"url\":\"https:\/\/iaforge.com\/de\/pricing\/\",\"name\":\"Pricing - IA Forge\",\"isPartOf\":{\"@id\":\"https:\/\/iaforge.com\/#website\"},\"datePublished\":\"2024-12-27T10:48:47+00:00\",\"dateModified\":\"2025-02-19T13:45:14+00:00\",\"breadcrumb\":{\"@id\":\"https:\/\/iaforge.com\/de\/pricing\/#breadcrumb\"},\"inLanguage\":\"de\",\"potentialAction\":[{\"@type\":\"ReadAction\",\"target\":[\"https:\/\/iaforge.com\/de\/pricing\/\"]}]},{\"@type\":\"BreadcrumbList\",\"@id\":\"https:\/\/iaforge.com\/de\/pricing\/#breadcrumb\",\"itemListElement\":[{\"@type\":\"ListItem\",\"position\":1,\"name\":\"Home\",\"item\":\"https:\/\/iaforge.com\/de\/\"},{\"@type\":\"ListItem\",\"position\":2,\"name\":\"Pricing\"}]},{\"@type\":\"WebSite\",\"@id\":\"https:\/\/iaforge.com\/#website\",\"url\":\"https:\/\/iaforge.com\/\",\"name\":\"IA Forge\",\"description\":\"One AI to Rule Them All\",\"publisher\":{\"@id\":\"https:\/\/iaforge.com\/#organization\"},\"potentialAction\":[{\"@type\":\"SearchAction\",\"target\":{\"@type\":\"EntryPoint\",\"urlTemplate\":\"https:\/\/iaforge.com\/?s={search_term_string}\"},\"query-input\":{\"@type\":\"PropertyValueSpecification\",\"valueRequired\":true,\"valueName\":\"search_term_string\"}}],\"inLanguage\":\"de\"},{\"@type\":\"Organization\",\"@id\":\"https:\/\/iaforge.com\/#organization\",\"name\":\"IA Forge\",\"url\":\"https:\/\/iaforge.com\/\",\"logo\":{\"@type\":\"ImageObject\",\"inLanguage\":\"de\",\"@id\":\"https:\/\/iaforge.com\/#\/schema\/logo\/image\/\",\"url\":\"https:\/\/iaforge.com\/wp-content\/uploads\/2024\/12\/icone-IAforge.png\",\"contentUrl\":\"https:\/\/iaforge.com\/wp-content\/uploads\/2024\/12\/icone-IAforge.png\",\"width\":639,\"height\":631,\"caption\":\"IA Forge\"},\"image\":{\"@id\":\"https:\/\/iaforge.com\/#\/schema\/logo\/image\/\"}}]}<\/script>\n<!-- \/ Yoast SEO plugin. -->","yoast_head_json":{"title":"Pricing - IA Forge","robots":{"index":"index","follow":"follow","max-snippet":"max-snippet:-1","max-image-preview":"max-image-preview:large","max-video-preview":"max-video-preview:-1"},"canonical":"https:\/\/iaforge.com\/de\/pricing\/","og_locale":"de_DE","og_type":"article","og_title":"Pricing - IA Forge","og_description":"Zugang zu allen KI, Nur eins Abonnement Greifen Sie mit unserer einzigartigen Formel ohne Einschr\u00e4nkungen auf die Leistungsf\u00e4higkeit der k\u00fcnstlichen Intelligenz zu, greifen Sie auf alle KI zu, ohne Ihr Budget zu sprengen.","og_url":"https:\/\/iaforge.com\/de\/pricing\/","og_site_name":"IA Forge","article_modified_time":"2025-02-19T13:45:14+00:00","twitter_card":"summary_large_image","schema":{"@context":"https:\/\/schema.org","@graph":[{"@type":"WebPage","@id":"https:\/\/iaforge.com\/de\/pricing\/","url":"https:\/\/iaforge.com\/de\/pricing\/","name":"Pricing - IA Forge","isPartOf":{"@id":"https:\/\/iaforge.com\/#website"},"datePublished":"2024-12-27T10:48:47+00:00","dateModified":"2025-02-19T13:45:14+00:00","breadcrumb":{"@id":"https:\/\/iaforge.com\/de\/pricing\/#breadcrumb"},"inLanguage":"de","potentialAction":[{"@type":"ReadAction","target":["https:\/\/iaforge.com\/de\/pricing\/"]}]},{"@type":"BreadcrumbList","@id":"https:\/\/iaforge.com\/de\/pricing\/#breadcrumb","itemListElement":[{"@type":"ListItem","position":1,"name":"Home","item":"https:\/\/iaforge.com\/de\/"},{"@type":"ListItem","position":2,"name":"Pricing"}]},{"@type":"WebSite","@id":"https:\/\/iaforge.com\/#website","url":"https:\/\/iaforge.com\/","name":"IA Forge","description":"One AI to Rule Them All","publisher":{"@id":"https:\/\/iaforge.com\/#organization"},"potentialAction":[{"@type":"SearchAction","target":{"@type":"EntryPoint","urlTemplate":"https:\/\/iaforge.com\/?s={search_term_string}"},"query-input":{"@type":"PropertyValueSpecification","valueRequired":true,"valueName":"search_term_string"}}],"inLanguage":"de"},{"@type":"Organization","@id":"https:\/\/iaforge.com\/#organization","name":"IA Forge","url":"https:\/\/iaforge.com\/","logo":{"@type":"ImageObject","inLanguage":"de","@id":"https:\/\/iaforge.com\/#\/schema\/logo\/image\/","url":"https:\/\/iaforge.com\/wp-content\/uploads\/2024\/12\/icone-IAforge.png","contentUrl":"https:\/\/iaforge.com\/wp-content\/uploads\/2024\/12\/icone-IAforge.png","width":639,"height":631,"caption":"IA Forge"},"image":{"@id":"https:\/\/iaforge.com\/#\/schema\/logo\/image\/"}}]}},"_links":{"self":[{"href":"https:\/\/iaforge.com\/de\/wp-json\/wp\/v2\/pages\/2233","targetHints":{"allow":["GET"]}}],"collection":[{"href":"https:\/\/iaforge.com\/de\/wp-json\/wp\/v2\/pages"}],"about":[{"href":"https:\/\/iaforge.com\/de\/wp-json\/wp\/v2\/types\/page"}],"author":[{"embeddable":true,"href":"https:\/\/iaforge.com\/de\/wp-json\/wp\/v2\/users\/1"}],"replies":[{"embeddable":true,"href":"https:\/\/iaforge.com\/de\/wp-json\/wp\/v2\/comments?post=2233"}],"version-history":[{"count":0,"href":"https:\/\/iaforge.com\/de\/wp-json\/wp\/v2\/pages\/2233\/revisions"}],"wp:attachment":[{"href":"https:\/\/iaforge.com\/de\/wp-json\/wp\/v2\/media?parent=2233"}],"curies":[{"name":"wp","href":"https:\/\/api.w.org\/{rel}","templated":true}]}}